{"id":119,"date":"2024-07-24T20:37:18","date_gmt":"2024-07-24T20:37:18","guid":{"rendered":"https:\/\/smartmodularhouse.hu\/about-us\/"},"modified":"2024-07-25T05:42:01","modified_gmt":"2024-07-25T05:42:01","slug":"about-us","status":"publish","type":"page","link":"https:\/\/smartmodularhouse.hu\/en\/about-us\/","title":{"rendered":"About Us"},"content":{"rendered":"\n<div class=\"wp-block-uagb-container uagb-block-c83c7f3f alignfull uagb-is-root-container\"><div class=\"uagb-container-inner-blocks-wrap\">\n<div class=\"wp-block-uagb-advanced-heading uagb-block-7ce29fef\"><h1 class=\"uagb-heading-text\">R\u00f3lunk<\/h1><\/div>\n<\/div><\/div>\n\n\n\n<div class=\"wp-block-uagb-container uagb-layout-grid uagb-block-f9b6823f alignfull uagb-is-root-container\"><div class=\"uagb-container-inner-blocks-wrap\">\n<p><\/p>\n\n\n\n<h2 class=\"wp-block-heading has-text-align-center has-ast-global-color-0-color has-text-color has-background has-link-color has-large-font-size wp-elements-9326b382748eac3604ff8cc76172ac27\" style=\"background-color:#ebebf1\">El\u00e9rhet\u0151s\u00e9geink:<br><br>C\u00e9gn\u00e9v: Bilingual Develop<br><br>C\u00edm: Belgium, 2290 Wuustwezel, Hoge Heide 38.<br><br>telefon: 06309154892<br>telefon2: 0043676 5168 699<br>telefon: +31 6 87694955<br>telefon: +385 98 903 5919<br>e-mail: sandor.foldesi1981@gmail.com<\/h2>\n<\/div><\/div>\n","protected":false},"excerpt":{"rendered":"<p>R\u00f3lunk El\u00e9rhet\u0151s\u00e9geink: C\u00e9gn\u00e9v: Bilingual Develop C\u00edm: Belgium, 2290 Wuustwezel, Hoge Heide 38. telefon: 06309154892telefon2: 0043676 5168 699telefon: +31 6 87694955telefon: +385 98 903 5919e-mail: sandor.foldesi1981@gmail.com<\/p>\n","protected":false},"author":1,"featured_media":0,"parent":0,"menu_order":0,"comment_status":"closed","ping_status":"closed","template":"","meta":{"_uag_custom_page_level_css":"","site-sidebar-layout":"default","site-content-layout":"plain-container","ast-site-content-layout":"full-width-container","site-content-style":"unboxed","site-sidebar-style":"unboxed","ast-global-header-display":"","ast-banner-title-visibility":"","ast-main-header-display":"","ast-hfb-above-header-display":"","ast-hfb-below-header-display":"","ast-hfb-mobile-header-display":"","site-post-title":"disabled","ast-breadcrumbs-content":"","ast-featured-img":"disabled","footer-sml-layout":"","theme-transparent-header-meta":"enabled","adv-header-id-meta":"","stick-header-meta":"","header-above-stick-meta":"","header-main-stick-meta":"","header-below-stick-meta":"","astra-migrate-meta-layouts":"set","ast-page-background-enabled":"default","ast-page-background-meta":{"desktop":{"background-color":"","background-image":"","background-repeat":"repeat","background-position":"center center","background-size":"auto","background-attachment":"scroll","background-type":"","background-media":"","overlay-type":"","overlay-color":"","overlay-opacity":"","overlay-gradient":""},"tablet":{"background-color":"","background-image":"","background-repeat":"repeat","background-position":"center center","background-size":"auto","background-attachment":"scroll","background-type":"","background-media":"","overlay-type":"","overlay-color":"","overlay-opacity":"","overlay-gradient":""},"mobile":{"background-color":"","background-image":"","background-repeat":"repeat","background-position":"center center","background-size":"auto","background-attachment":"scroll","background-type":"","background-media":"","overlay-type":"","overlay-color":"","overlay-opacity":"","overlay-gradient":""}},"ast-content-background-meta":{"desktop":{"background-color":"var(--ast-global-color-5)","background-image":"","background-repeat":"repeat","background-position":"center center","background-size":"auto","background-attachment":"scroll","background-type":"","background-media":"","overlay-type":"","overlay-color":"","overlay-opacity":"","overlay-gradient":""},"tablet":{"background-color":"var(--ast-global-color-5)","background-image":"","background-repeat":"repeat","background-position":"center center","background-size":"auto","background-attachment":"scroll","background-type":"","background-media":"","overlay-type":"","overlay-color":"","overlay-opacity":"","overlay-gradient":""},"mobile":{"background-color":"var(--ast-global-color-5)","background-image":"","background-repeat":"repeat","background-position":"center center","background-size":"auto","background-attachment":"scroll","background-type":"","background-media":"","overlay-type":"","overlay-color":"","overlay-opacity":"","overlay-gradient":""}},"footnotes":""},"class_list":["post-119","page","type-page","status-publish","hentry"],"uagb_featured_image_src":{"full":false,"thumbnail":false,"medium":false,"medium_large":false,"large":false,"1536x1536":false,"2048x2048":false,"woocommerce_thumbnail":false,"woocommerce_single":false,"woocommerce_gallery_thumbnail":false},"uagb_author_info":{"display_name":"masterpeet","author_link":"https:\/\/smartmodularhouse.hu\/en\/author\/masterpeet\/"},"uagb_comment_info":0,"uagb_excerpt":"R\u00f3lunk El\u00e9rhet\u0151s\u00e9geink: C\u00e9gn\u00e9v: Bilingual Develop C\u00edm: Belgium, 2290 Wuustwezel, Hoge Heide 38. telefon: 06309154892telefon2: 0043676 5168 699telefon: +31 6 87694955telefon: +385 98 903 5919e-mail: sandor.foldesi1981@gmail.com","_links":{"self":[{"href":"https:\/\/smartmodularhouse.hu\/en\/wp-json\/wp\/v2\/pages\/119","targetHints":{"allow":["GET"]}}],"collection":[{"href":"https:\/\/smartmodularhouse.hu\/en\/wp-json\/wp\/v2\/pages"}],"about":[{"href":"https:\/\/smartmodularhouse.hu\/en\/wp-json\/wp\/v2\/types\/page"}],"author":[{"embeddable":true,"href":"https:\/\/smartmodularhouse.hu\/en\/wp-json\/wp\/v2\/users\/1"}],"replies":[{"embeddable":true,"href":"https:\/\/smartmodularhouse.hu\/en\/wp-json\/wp\/v2\/comments?post=119"}],"version-history":[{"count":3,"href":"https:\/\/smartmodularhouse.hu\/en\/wp-json\/wp\/v2\/pages\/119\/revisions"}],"predecessor-version":[{"id":1460,"href":"https:\/\/smartmodularhouse.hu\/en\/wp-json\/wp\/v2\/pages\/119\/revisions\/1460"}],"wp:attachment":[{"href":"https:\/\/smartmodularhouse.hu\/en\/wp-json\/wp\/v2\/media?parent=119"}],"curies":[{"name":"wp","href":"https:\/\/api.w.org\/{rel}","templated":true}]}}