{"id":120,"date":"2024-07-24T20:37:18","date_gmt":"2024-07-24T20:37:18","guid":{"rendered":"https:\/\/smartmodularhouse.hu\/contact-us\/"},"modified":"2024-07-25T09:02:42","modified_gmt":"2024-07-25T09:02:42","slug":"contact-us","status":"publish","type":"page","link":"https:\/\/smartmodularhouse.hu\/en\/contact-us\/","title":{"rendered":"Contact Us"},"content":{"rendered":"\n<div class=\"wp-block-uagb-container uagb-block-4e0f6ee9 alignfull uagb-is-root-container\"><div class=\"uagb-container-inner-blocks-wrap\">\n<div class=\"wp-block-uagb-advanced-heading uagb-block-6a0986a2\"><h1 class=\"uagb-heading-text\">Kapcsolat<\/h1><\/div>\n<\/div><\/div>\n\n\n\n<div class=\"wp-block-uagb-container uagb-block-bea2cf47 alignfull uagb-is-root-container\"><div class=\"uagb-container-inner-blocks-wrap\">\n<div class=\"wp-block-uagb-container uagb-block-9288be80\">\n<div class=\"wp-block-uagb-advanced-heading uagb-block-9949d853\"><h3 class=\"uagb-heading-text\">El\u00e9rhet\u0151s\u00e9gek:<br><br>C\u00e9gn\u00e9v: Bilingual Develop<br><br>C\u00edm: Belgium, 2290 Wuustwezel, Hoge Heide 38.<\/h3><\/div>\n\n\n\n<div class=\"wp-block-uagb-container uagb-layout-grid uagb-block-15197508\">\n<div class=\"wp-block-uagb-info-box uagb-block-8150b524 uagb-infobox__content-wrap  uagb-infobox-icon-left uagb-infobox-left uagb-infobox-stacked-mobile uagb-infobox-image-valign-top\"><div class=\"uagb-ifb-icon-wrap\"><svg xmlns=\"https:\/\/www.w3.org\/2000\/svg\" viewBox=\"0 0 512 512\"><path d=\"M18.92 351.2l108.5-46.52c12.78-5.531 27.77-1.801 36.45 8.98l44.09 53.82c69.25-34 125.5-90.31 159.5-159.5l-53.81-44.04c-10.75-8.781-14.41-23.69-8.974-36.47l46.51-108.5c6.094-13.91 21.1-21.52 35.79-18.11l100.8 23.25c14.25 3.25 24.22 15.8 24.22 30.46c0 252.3-205.2 457.5-457.5 457.5c-14.67 0-27.18-9.968-30.45-24.22l-23.25-100.8C-2.571 372.4 5.018 357.2 18.92 351.2z\"><\/path><\/svg><\/div><div class=\"uagb-ifb-content\"><div class=\"uagb-ifb-title-wrap\"><h4 class=\"uagb-ifb-title\">H\u00edvjon minket!<\/h4><\/div><p class=\"uagb-ifb-desc\">telefon: 06309154892<br>telefon2: 0043676 5168 699<br>telefon: +31 6 87694955<br>telefon: +385 98 903 5919<\/p><\/div><\/div>\n\n\n\n<div class=\"wp-block-uagb-info-box uagb-block-0534ed93 uagb-infobox__content-wrap  uagb-infobox-icon-left uagb-infobox-left uagb-infobox-stacked-mobile uagb-infobox-image-valign-top\"><div class=\"uagb-ifb-icon-wrap\"><svg xmlns=\"https:\/\/www.w3.org\/2000\/svg\" viewBox=\"0 0 512 512\"><path d=\"M464 64C490.5 64 512 85.49 512 112C512 127.1 504.9 141.3 492.8 150.4L275.2 313.6C263.8 322.1 248.2 322.1 236.8 313.6L19.2 150.4C7.113 141.3 0 127.1 0 112C0 85.49 21.49 64 48 64H464zM217.6 339.2C240.4 356.3 271.6 356.3 294.4 339.2L512 176V384C512 419.3 483.3 448 448 448H64C28.65 448 0 419.3 0 384V176L217.6 339.2z\"><\/path><\/svg><\/div><div class=\"uagb-ifb-content\"><div class=\"uagb-ifb-title-wrap\"><h4 class=\"uagb-ifb-title\">E-mail c\u00edm\u00fcnk<\/h4><\/div><p class=\"uagb-ifb-desc\"><br>sandor.foldesi1981@gmail.com<\/p><\/div><\/div>\n<\/div>\n\n\n\n<div class=\"wp-block-uagb-info-box uagb-block-33d61c73 uagb-infobox__content-wrap  uagb-infobox-icon-above-title uagb-infobox-image-valign-top\"><div class=\"uagb-ifb-content\"><div class=\"uagb-ifb-title-wrap\"><div class=\"uagb-ifb-separator\"><\/div><h3 class=\"uagb-ifb-title\">K\u00fcldj\u00f6n nek\u00fcnk \u00fczenetet!<\/h3><\/div><\/div><\/div>\n\n\n\n<div class=\"wp-block-uagb-forms uagb-forms__outer-wrap uagb-block-6a7a00a8 uagb-forms__default-btn\"><form class=\"uagb-forms-main-form\" method=\"post\" autocomplete=\"on\" name=\"uagb-form-6a7a00a8\">\n<div class=\"wp-block-uagb-forms-name uagb-forms-name-wrap uagb-forms-field-set uagb-block-eea363d7\"><div class=\"uagb-forms-name-label  uagb-forms-input-label\" id=\"eea363d7\">First Name<\/div><input type=\"text\" placeholder=\"N\u00e9v\" class=\"uagb-forms-name-input uagb-forms-input\" name=\"eea363d7\" autocomplete=\"given-name\"\/><\/div>\n\n\n\n<div class=\"wp-block-uagb-forms-email uagb-forms-email-wrap uagb-forms-field-set uagb-block-f690b1cb\"><div class=\"uagb-forms-email-label  uagb-forms-input-label\" id=\"f690b1cb\">Email<\/div><input type=\"email\" class=\"uagb-forms-email-input uagb-forms-input\" placeholder=\"Email\" name=\"f690b1cb\" autocomplete=\"email\"\/><\/div>\n\n\n\n<div class=\"wp-block-uagb-forms-name uagb-forms-name-wrap uagb-forms-field-set uagb-block-7fc35052\"><div class=\"uagb-forms-name-label  uagb-forms-input-label\" id=\"7fc35052\">Last Name<\/div><input type=\"text\" placeholder=\"T\u00e1rgy\" class=\"uagb-forms-name-input uagb-forms-input\" name=\"7fc35052\" autocomplete=\"family-name\"\/><\/div>\n\n\n\n<div class=\"wp-block-uagb-forms-textarea uagb-forms-textarea-wrap uagb-forms-field-set uagb-block-63ac3831\"><div class=\"uagb-forms-textarea-label  uagb-forms-input-label\" id=\"63ac3831\">Message<\/div><textarea class=\"uagb-forms-textarea-input uagb-forms-input\" rows=\"4\" placeholder=\"\u00dczenet\" name=\"63ac3831\" autocomplete=\"off\"><\/textarea><\/div>\n<div class=\"uagb-forms-form-hidden-data\"><input type=\"hidden\" class=\"uagb_forms_form_label\" value=\"Spectra Form\"\/><input type=\"hidden\" class=\"uagb_forms_form_id\" value=\"uagb-form-6a7a00a8\"\/><\/div><div class=\"uagb-form-reacaptcha-error-6a7a00a8\"><\/div><div class=\"uagb-forms-main-submit-button-wrap wp-block-button\"><button class=\"uagb-forms-main-submit-button wp-block-button__link\"><div class=\"uagb-forms-main-submit-button-text\">\u00dczenet K\u00fcld\u00e9se<\/div><\/button><\/div><\/form><div class=\"uagb-forms-success-message-6a7a00a8 uagb-forms-submit-message-hide\"><span>The form has been submitted successfully!<\/span><\/div><div class=\"uagb-forms-failed-message-6a7a00a8 uagb-forms-submit-message-hide\"><span>There has been some error while submitting the form. Please verify all form fields again.<\/span><\/div><\/div>\n<\/div>\n<\/div><\/div>\n","protected":false},"excerpt":{"rendered":"<p>Kapcsolat El\u00e9rhet\u0151s\u00e9gek: C\u00e9gn\u00e9v: Bilingual Develop C\u00edm: Belgium, 2290 Wuustwezel, Hoge Heide 38.<\/p>\n","protected":false},"author":1,"featured_media":0,"parent":0,"menu_order":0,"comment_status":"closed","ping_status":"closed","template":"","meta":{"_uag_custom_page_level_css":"","site-sidebar-layout":"default","site-content-layout":"plain-container","ast-site-content-layout":"full-width-container","site-content-style":"unboxed","site-sidebar-style":"unboxed","ast-global-header-display":"","ast-banner-title-visibility":"","ast-main-header-display":"","ast-hfb-above-header-display":"","ast-hfb-below-header-display":"","ast-hfb-mobile-header-display":"","site-post-title":"disabled","ast-breadcrumbs-content":"","ast-featured-img":"disabled","footer-sml-layout":"","theme-transparent-header-meta":"enabled","adv-header-id-meta":"","stick-header-meta":"","header-above-stick-meta":"","header-main-stick-meta":"","header-below-stick-meta":"","astra-migrate-meta-layouts":"set","ast-page-background-enabled":"default","ast-page-background-meta":{"desktop":{"background-color":"","background-image":"","background-repeat":"repeat","background-position":"center center","background-size":"auto","background-attachment":"scroll","background-type":"","background-media":"","overlay-type":"","overlay-color":"","overlay-opacity":"","overlay-gradient":""},"tablet":{"background-color":"","background-image":"","background-repeat":"repeat","background-position":"center center","background-size":"auto","background-attachment":"scroll","background-type":"","background-media":"","overlay-type":"","overlay-color":"","overlay-opacity":"","overlay-gradient":""},"mobile":{"background-color":"","background-image":"","background-repeat":"repeat","background-position":"center center","background-size":"auto","background-attachment":"scroll","background-type":"","background-media":"","overlay-type":"","overlay-color":"","overlay-opacity":"","overlay-gradient":""}},"ast-content-background-meta":{"desktop":{"background-color":"var(--ast-global-color-5)","background-image":"","background-repeat":"repeat","background-position":"center center","background-size":"auto","background-attachment":"scroll","background-type":"","background-media":"","overlay-type":"","overlay-color":"","overlay-opacity":"","overlay-gradient":""},"tablet":{"background-color":"var(--ast-global-color-5)","background-image":"","background-repeat":"repeat","background-position":"center center","background-size":"auto","background-attachment":"scroll","background-type":"","background-media":"","overlay-type":"","overlay-color":"","overlay-opacity":"","overlay-gradient":""},"mobile":{"background-color":"var(--ast-global-color-5)","background-image":"","background-repeat":"repeat","background-position":"center center","background-size":"auto","background-attachment":"scroll","background-type":"","background-media":"","overlay-type":"","overlay-color":"","overlay-opacity":"","overlay-gradient":""}},"footnotes":""},"class_list":["post-120","page","type-page","status-publish","hentry"],"uagb_featured_image_src":{"full":false,"thumbnail":false,"medium":false,"medium_large":false,"large":false,"1536x1536":false,"2048x2048":false,"woocommerce_thumbnail":false,"woocommerce_single":false,"woocommerce_gallery_thumbnail":false},"uagb_author_info":{"display_name":"masterpeet","author_link":"https:\/\/smartmodularhouse.hu\/en\/author\/masterpeet\/"},"uagb_comment_info":0,"uagb_excerpt":"Kapcsolat El\u00e9rhet\u0151s\u00e9gek: C\u00e9gn\u00e9v: Bilingual Develop C\u00edm: Belgium, 2290 Wuustwezel, Hoge Heide 38.","_links":{"self":[{"href":"https:\/\/smartmodularhouse.hu\/en\/wp-json\/wp\/v2\/pages\/120","targetHints":{"allow":["GET"]}}],"collection":[{"href":"https:\/\/smartmodularhouse.hu\/en\/wp-json\/wp\/v2\/pages"}],"about":[{"href":"https:\/\/smartmodularhouse.hu\/en\/wp-json\/wp\/v2\/types\/page"}],"author":[{"embeddable":true,"href":"https:\/\/smartmodularhouse.hu\/en\/wp-json\/wp\/v2\/users\/1"}],"replies":[{"embeddable":true,"href":"https:\/\/smartmodularhouse.hu\/en\/wp-json\/wp\/v2\/comments?post=120"}],"version-history":[{"count":6,"href":"https:\/\/smartmodularhouse.hu\/en\/wp-json\/wp\/v2\/pages\/120\/revisions"}],"predecessor-version":[{"id":1511,"href":"https:\/\/smartmodularhouse.hu\/en\/wp-json\/wp\/v2\/pages\/120\/revisions\/1511"}],"wp:attachment":[{"href":"https:\/\/smartmodularhouse.hu\/en\/wp-json\/wp\/v2\/media?parent=120"}],"curies":[{"name":"wp","href":"https:\/\/api.w.org\/{rel}","templated":true}]}}