{"id":1524,"date":"2024-07-25T10:47:46","date_gmt":"2024-07-25T10:47:46","guid":{"rendered":"https:\/\/smartmodularhouse.hu\/?page_id=1524"},"modified":"2024-07-25T10:47:46","modified_gmt":"2024-07-25T10:47:46","slug":"aszf","status":"publish","type":"page","link":"https:\/\/smartmodularhouse.hu\/en\/aszf\/","title":{"rendered":"\u00c1SZF"},"content":{"rendered":"\n<pre class=\"wp-block-preformatted\">1. Bemutatkoz\u00e1s<br><br>Jelen Felt\u00e9telek erre a weboldalra, valamint a term\u00e9keinkkel \u00e9s szolg\u00e1ltat\u00e1sainkkal kapcsolatos tranzakci\u00f3kra vonatkoznak. \u00d6nt tov\u00e1bbi szerz\u0151d\u00e9sek k\u00f6thetik a vel\u00fcnk fenn\u00e1ll\u00f3 kapcsolataival vagy b\u00e1rmely t\u0151l\u00fcnk kapott term\u00e9k\u00e9vel vagy szolg\u00e1ltat\u00e1s\u00e1val kapcsolatban. Ha a kieg\u00e9sz\u00edt\u0151 szerz\u0151d\u00e9sek b\u00e1rmely rendelkez\u00e9se \u00fctk\u00f6zik a jelen Felt\u00e9telek b\u00e1rmely rendelkez\u00e9s\u00e9vel, akkor ezen kieg\u00e9sz\u00edt\u0151 szerz\u0151d\u00e9sek rendelkez\u00e9sei az ir\u00e1nyad\u00f3ak \u00e9s az ir\u00e1nyad\u00f3k.<br><br>2. Megk\u00f6t\u00e9s<br><br>A weboldalra val\u00f3 regisztr\u00e1ci\u00f3val, hozz\u00e1f\u00e9r\u00e9ssel vagy egy\u00e9b m\u00f3don t\u00f6rt\u00e9n\u0151 haszn\u00e1lat\u00e1val \u00d6n elfogadja, hogy mag\u00e1ra n\u00e9zve k\u00f6telez\u0151nek ismeri el az al\u00e1bbi felt\u00e9teleket. A weboldal puszta haszn\u00e1lata a jelen Felt\u00e9telek ismeret\u00e9t \u00e9s elfogad\u00e1s\u00e1t jelenti. Bizonyos esetekben megk\u00e9rhetj\u00fck \u00d6nt, hogy kifejezetten j\u00e1ruljon hozz\u00e1.<br><br>3. Elektronikus kommunik\u00e1ci\u00f3<br><br>A weboldal haszn\u00e1lat\u00e1val vagy a vel\u00fcnk elektronikus \u00faton t\u00f6rt\u00e9n\u0151 kommunik\u00e1ci\u00f3val \u00d6n beleegyezik \u00e9s tudom\u00e1sul veszi, hogy a weboldalunkon elektronikusan kommunik\u00e1lhatunk \u00d6nnel, vagy e-mailt k\u00fcld\u00fcnk \u00d6nnek, \u00e9s beleegyezik abba, hogy minden meg\u00e1llapod\u00e1st, \u00e9rtes\u00edt\u00e9st, k\u00f6zz\u00e9t\u00e9telt \u00e9s egy\u00e9b kommunik\u00e1ci\u00f3t elektronikus \u00faton biztos\u00edtj\u00e1k az \u00d6n sz\u00e1m\u00e1ra, hogy eleget tegyen b\u00e1rmely jogi k\u00f6vetelm\u00e9nynek, ide\u00e9rtve, de nem kiz\u00e1r\u00f3lagosan, azt a k\u00f6vetelm\u00e9nyt, hogy az ilyen kommunik\u00e1ci\u00f3nak \u00edr\u00e1sban kell t\u00f6rt\u00e9nnie.<br><br>4. Szellemi tulajdon<br><br>Mi vagy licencad\u00f3ink birtokoljuk \u00e9s ellen\u0151rizz\u00fck a weboldalon, valamint a webhelyen megjelen\u00edtett vagy azokon bel\u00fcl el\u00e9rhet\u0151 adatokon, inform\u00e1ci\u00f3kon \u00e9s egy\u00e9b er\u0151forr\u00e1sokon f\u0171z\u0151d\u0151 \u00f6sszes szerz\u0151i \u00e9s egy\u00e9b szellemi tulajdonjogot.<br><br>4.1 Minden jog fenntartva<br><br>Hacsak az adott tartalom m\u00e1sk\u00e9nt nem rendelkezik, \u00d6n nem kap licencet vagy m\u00e1s jogot a szerz\u0151i jog, v\u00e9djegy, szabadalom vagy m\u00e1s szellemi tulajdonjog alapj\u00e1n. Ez azt jelenti, hogy nem fog felhaszn\u00e1lni, m\u00e1solni, reproduk\u00e1lni, el\u0151adni, megjelen\u00edteni, terjeszteni, semmilyen elektronikus adathordoz\u00f3ba be\u00e1gyazni, m\u00f3dos\u00edtani, visszafejteni, visszafejteni, \u00e1tvinni, let\u00f6lteni, tov\u00e1bb\u00edtani, bev\u00e9telt szerezni, eladni, forgalomba hozni vagy kereskedelmi forgalomba hozni ezen a webhelyen tal\u00e1lhat\u00f3 forr\u00e1sokat. b\u00e1rmilyen form\u00e1ban, el\u0151zetes \u00edr\u00e1sbeli enged\u00e9ly\u00fcnk n\u00e9lk\u00fcl, kiv\u00e9ve \u00e9s csak abban az esetben, ha a k\u00f6telez\u0151 jogszab\u00e1lyok (p\u00e9ld\u00e1ul az id\u00e9z\u00e9si jog) m\u00e1sk\u00e9nt nem rendelkeznek.<br><br>5. Harmadik f\u00e9l tulajdona<br><br>Weboldalunk tartalmazhat hiperhivatkoz\u00e1sokat vagy m\u00e1s hivatkoz\u00e1sokat m\u00e1s felek webhelyeire. Nem figyelj\u00fck \u00e9s nem vizsg\u00e1ljuk \u00e1t m\u00e1s felek webhelyeinek tartalm\u00e1t, amelyekre ezen a webhelyen hivatkoznak. A m\u00e1s webhelyek \u00e1ltal k\u00edn\u00e1lt term\u00e9kekre vagy szolg\u00e1ltat\u00e1sokra az adott harmadik felek vonatkoz\u00f3 \u00c1ltal\u00e1nos Szerz\u0151d\u00e9si Felt\u00e9telei vonatkoznak. Az ezeken a webhelyeken kifejtett v\u00e9lem\u00e9nyeket vagy anyagokat nem felt\u00e9tlen\u00fcl osztjuk meg vagy hagyjuk j\u00f3v\u00e1.<br><br>Nem v\u00e1llalunk felel\u0151ss\u00e9get ezen oldalak adatv\u00e9delmi gyakorlat\u00e1\u00e9rt vagy tartalm\u00e1\u00e9rt. \u00d6n viseli az ezen weboldalak haszn\u00e1lat\u00e1val \u00e9s a kapcsol\u00f3d\u00f3 harmadik f\u00e9l szolg\u00e1ltat\u00e1saival kapcsolatos minden kock\u00e1zatot. Nem v\u00e1llalunk felel\u0151ss\u00e9get semmilyen vesztes\u00e9g\u00e9rt vagy k\u00e1r\u00e9rt, b\u00e1rmilyen m\u00f3don is, b\u00e1rmilyen m\u00f3don is, ami abb\u00f3l ered, hogy szem\u00e9lyes adatait harmadik felek r\u00e9sz\u00e9re felfedte.<br>6. Felel\u0151ss\u00e9gteljes haszn\u00e1lat<br><br>Weboldalunk megl\u00e1togat\u00e1s\u00e1val \u00d6n beleegyezik abba, hogy azt kiz\u00e1r\u00f3lag a jelen Felt\u00e9telek, a vel\u00fcnk k\u00f6t\u00f6tt tov\u00e1bbi szerz\u0151d\u00e9sek, valamint a vonatkoz\u00f3 t\u00f6rv\u00e9nyek, rendeletek, valamint az \u00e1ltal\u00e1nosan elfogadott online gyakorlatok \u00e9s ipar\u00e1gi ir\u00e1nyelvek \u00e1ltal enged\u00e9lyezett c\u00e9lokra haszn\u00e1lja. Nem haszn\u00e1lhatja weboldalunkat vagy szolg\u00e1ltat\u00e1sainkat rosszindulat\u00fa sz\u00e1m\u00edt\u00f3g\u00e9pes szoftverekb\u0151l \u00e1ll\u00f3 (vagy azokhoz kapcsol\u00f3d\u00f3) anyagok haszn\u00e1lat\u00e1ra, k\u00f6zz\u00e9t\u00e9tel\u00e9re vagy terjeszt\u00e9s\u00e9re; a weboldalunkr\u00f3l gy\u0171jt\u00f6tt adatokat b\u00e1rmilyen direkt marketing tev\u00e9kenys\u00e9ghez felhaszn\u00e1lni, vagy b\u00e1rmilyen szisztematikus vagy automatiz\u00e1lt adatgy\u0171jt\u00e9si tev\u00e9kenys\u00e9get folytatni a weboldalunkon vagy azzal kapcsolatban.<br><br>Szigor\u00faan tilos olyan tev\u00e9kenys\u00e9get folytatni, amely a weboldalon k\u00e1rt okoz vagy okozhat, vagy zavarja a weboldal teljes\u00edtm\u00e9ny\u00e9t, el\u00e9rhet\u0151s\u00e9g\u00e9t.<br><br>7. \u00d6tletbead\u00e1s<br><br>Ne adjon be olyan \u00f6tletet, tal\u00e1lm\u00e1nyt, szerz\u0151i alkot\u00e1st vagy egy\u00e9b, saj\u00e1t szellemi tulajdon\u00e1nak tekinthet\u0151 inform\u00e1ci\u00f3t, amelyet bemutatni szeretne nek\u00fcnk, hacsak nem \u00edrtunk al\u00e1 a szellemi tulajdonra vonatkoz\u00f3 meg\u00e1llapod\u00e1st vagy titoktart\u00e1si meg\u00e1llapod\u00e1st. Ha ilyen \u00edr\u00e1sos meg\u00e1llapod\u00e1s hi\u00e1ny\u00e1ban k\u00f6zli vel\u00fcnk, akkor vil\u00e1gm\u00e9ret\u0171, visszavonhatatlan, nem kiz\u00e1r\u00f3lagos, jogd\u00edjmentes enged\u00e9lyt ad nek\u00fcnk a tartalom b\u00e1rmely megl\u00e9v\u0151 vagy j\u00f6v\u0151beli m\u00e9di\u00e1n t\u00f6rt\u00e9n\u0151 felhaszn\u00e1l\u00e1s\u00e1ra, reproduk\u00e1l\u00e1s\u00e1ra, t\u00e1rol\u00e1s\u00e1ra, adapt\u00e1l\u00e1s\u00e1ra, k\u00f6zz\u00e9t\u00e9tel\u00e9re, ford\u00edt\u00e1s\u00e1ra \u00e9s terjeszt\u00e9s\u00e9re. <br><br>8. A haszn\u00e1lat megsz\u00fcntet\u00e9se<br><br>Saj\u00e1t bel\u00e1t\u00e1sunk szerint b\u00e1rmikor m\u00f3dos\u00edthatjuk vagy megszak\u00edthatjuk a hozz\u00e1f\u00e9r\u00e9st a webhelyhez vagy b\u00e1rmely azon tal\u00e1lhat\u00f3 Szolg\u00e1ltat\u00e1shoz, ideiglenesen vagy v\u00e9glegesen. \u00d6n beleegyezik abba, hogy nem v\u00e1llalunk felel\u0151ss\u00e9get sem \u00d6n, sem harmadik f\u00e9l fel\u00e9 a webhelyhez val\u00f3 hozz\u00e1f\u00e9r\u00e9s\u00e9nek vagy haszn\u00e1lat\u00e1nak vagy a webhelyen megosztott b\u00e1rmely tartalom ilyen jelleg\u0171 m\u00f3dos\u00edt\u00e1s\u00e1\u00e9rt, felf\u00fcggeszt\u00e9s\u00e9\u00e9rt vagy megszak\u00edt\u00e1s\u00e1\u00e9rt. \u00d6n nem lesz jogosult semmilyen kompenz\u00e1ci\u00f3ra vagy egy\u00e9b kifizet\u00e9sre, m\u00e9g akkor sem, ha bizonyos funkci\u00f3k, be\u00e1ll\u00edt\u00e1sok \u00e9s\/vagy b\u00e1rmely tartalom, amelyet \u00d6n hozz\u00e1j\u00e1rult, vagy amelyre t\u00e1maszkodni kezdett, v\u00e9glegesen elveszett. Tilos a weboldalunkon tal\u00e1lhat\u00f3 hozz\u00e1f\u00e9r\u00e9s-korl\u00e1toz\u00e1si int\u00e9zked\u00e9seket megker\u00fclni, megker\u00fclni, illetve megker\u00fclni vagy megker\u00fclni.<br><br>9. Garancia \u00e9s felel\u0151ss\u00e9g<br><br>Ebben a szakaszban semmi sem korl\u00e1tozza vagy z\u00e1rja ki a t\u00f6rv\u00e9ny \u00e1ltal felt\u00e9telezett garanci\u00e1kat, amelyek korl\u00e1toz\u00e1sa vagy kiz\u00e1r\u00e1sa jogellenes lenne. Ez a weboldal \u00e9s a weboldalon tal\u00e1lhat\u00f3 \u00f6sszes tartalom \u201eahogy van\u201d \u00e9s \u201eahogy el\u00e9rhet\u0151\u201d alapon ker\u00fcl k\u00f6zz\u00e9t\u00e9telre, \u00e9s pontatlans\u00e1gokat vagy tipogr\u00e1fiai hib\u00e1kat tartalmazhat. Kifejezetten elutas\u00edtunk mindennem\u0171, kifejezett vagy hallgat\u00f3lagos garanci\u00e1t a Tartalom el\u00e9rhet\u0151s\u00e9g\u00e9re, pontoss\u00e1g\u00e1ra vagy teljess\u00e9g\u00e9re vonatkoz\u00f3an. Nem v\u00e1llalunk garanci\u00e1t arra, hogy:<br><br>    ez a weboldal vagy term\u00e9keink vagy szolg\u00e1ltat\u00e1saink megfelelnek az \u00d6n ig\u00e9nyeinek;<br>    ez a weboldal megszak\u00edt\u00e1s n\u00e9lk\u00fcl, id\u0151ben, biztons\u00e1gosan vagy hibamentesen lesz el\u00e9rhet\u0151;<br>    az \u00d6n \u00e1ltal ezen a weboldalon kereszt\u00fcl v\u00e1s\u00e1rolt vagy beszerzett b\u00e1rmely term\u00e9k vagy szolg\u00e1ltat\u00e1s min\u0151s\u00e9ge megfelel az \u00d6n elv\u00e1r\u00e1sainak.<br><br>Ezen a weboldalon semmi sem min\u0151s\u00fcl jogi, p\u00e9nz\u00fcgyi vagy orvosi tan\u00e1csnak, \u00e9s nem is sz\u00e1nd\u00e9kozik annak min\u0151s\u00fclni. Ha tan\u00e1csra van sz\u00fcks\u00e9ge, forduljon megfelel\u0151 szakemberhez.<br><br>Ennek a szakasznak a k\u00f6vetkez\u0151 rendelkez\u00e9sei a vonatkoz\u00f3 jogszab\u00e1lyok \u00e1ltal megengedett maxim\u00e1lis m\u00e9rt\u00e9kig \u00e9rv\u00e9nyesek, \u00e9s nem korl\u00e1tozz\u00e1k vagy z\u00e1rj\u00e1k ki felel\u0151ss\u00e9g\u00fcnket olyan \u00fcgyben, amelynek korl\u00e1toz\u00e1sa vagy kiz\u00e1r\u00e1sa jogellenes vagy t\u00f6rv\u00e9nytelen lenne sz\u00e1munkra. Semmilyen esetben sem v\u00e1llalunk felel\u0151ss\u00e9get olyan k\u00f6zvetlen vagy k\u00f6zvetett k\u00e1rok\u00e9rt (bele\u00e9rtve a haszon- vagy bev\u00e9telkies\u00e9sb\u0151l ered\u0151 k\u00e1rokat, az adatok, szoftverek vagy adatb\u00e1zisok elveszt\u00e9s\u00e9t vagy megs\u00e9r\u00fcl\u00e9s\u00e9t, vagy tulajdon vagy adatok elveszt\u00e9s\u00e9t vagy k\u00e1rosod\u00e1s\u00e1t), amelyeket \u00d6n vagy b\u00e1rmely harmadik szem\u00e9ly \u00e9rt. f\u00e9lnek, amely a webhely\u00fcnkh\u00f6z val\u00f3 hozz\u00e1f\u00e9r\u00e9sb\u0151l vagy annak haszn\u00e1lat\u00e1b\u00f3l ered.<br><br>Kiv\u00e9ve, ha b\u00e1rmely tov\u00e1bbi szerz\u0151d\u00e9s kifejezetten m\u00e1sk\u00e9nt rendelkezik, maxim\u00e1lis felel\u0151ss\u00e9g\u00fcnk \u00d6n fel\u00e9 minden olyan k\u00e1r\u00e9rt, amely a weboldalb\u00f3l vagy a webhelyen kereszt\u00fcl forgalmazott vagy \u00e9rt\u00e9kes\u00edtett b\u00e1rmely term\u00e9kb\u0151l \u00e9s szolg\u00e1ltat\u00e1sb\u00f3l ered, vagy azzal kapcsolatos, f\u00fcggetlen\u00fcl a felel\u0151ss\u00e9get kiszab\u00f3 jogi l\u00e9p\u00e9sek form\u00e1j\u00e1t\u00f3l ( ak\u00e1r szerz\u0151d\u00e9sben, m\u00e9lt\u00e1nyoss\u00e1gban, gondatlans\u00e1gban, sz\u00e1nd\u00e9kolt magatart\u00e1sban, jogellenes k\u00e1rokoz\u00e1sban vagy egy\u00e9bben) a teljes \u00e1rra korl\u00e1toz\u00f3dik, amelyet \u00d6n fizetett nek\u00fcnk az ilyen term\u00e9kek vagy szolg\u00e1ltat\u00e1sok v\u00e1s\u00e1rl\u00e1s\u00e1\u00e9rt vagy a webhely haszn\u00e1lat\u00e1\u00e9rt. Ez a korl\u00e1toz\u00e1s \u00f6sszess\u00e9g\u00e9ben vonatkozik az \u00d6n \u00f6sszes k\u00f6vetel\u00e9s\u00e9re, cselekm\u00e9ny\u00e9re \u00e9s kereset\u00e9nek minden fajt\u00e1j\u00e1ra \u00e9s term\u00e9szet\u00e9re.<br><br>10. Adatv\u00e9delem<br><br>Weboldalunk \u00e9s\/vagy szolg\u00e1ltat\u00e1saink el\u00e9r\u00e9s\u00e9hez el\u0151fordulhat, hogy a regisztr\u00e1ci\u00f3s folyamat r\u00e9szek\u00e9nt meg kell adnia mag\u00e1r\u00f3l bizonyos adatokat. \u00d6n elfogadja, hogy az \u00d6n \u00e1ltal megadott inform\u00e1ci\u00f3k mindig pontosak, helyesek \u00e9s naprak\u00e9szek.<br><br>Szem\u00e9lyes adatait komolyan vessz\u00fck, \u00e9s elk\u00f6telezettek vagyunk az \u00d6n adatainak v\u00e9delme mellett. Nem haszn\u00e1ljuk fel e-mail c\u00edm\u00e9t k\u00e9retlen levelekre. Az \u00e1ltalunk \u00d6nnek k\u00fcld\u00f6tt e-mailek kiz\u00e1r\u00f3lag a meg\u00e1llapod\u00e1s szerinti term\u00e9kek vagy szolg\u00e1ltat\u00e1sok ny\u00fajt\u00e1s\u00e1val kapcsolatosak.<br>1. Exportkorl\u00e1toz\u00e1sok \/ Jogi megfelel\u00e9s<br><br>Tilos a weboldalhoz val\u00f3 hozz\u00e1f\u00e9r\u00e9s olyan ter\u00fcletekr\u0151l vagy orsz\u00e1gokb\u00f3l, ahol a webhelyen \u00e9rt\u00e9kes\u00edtett term\u00e9kek vagy szolg\u00e1ltat\u00e1sok tartalma vagy v\u00e1s\u00e1rl\u00e1sa illeg\u00e1lis. Nem haszn\u00e1lhatja ezt a weboldalt a magyar exportra vonatkoz\u00f3 t\u00f6rv\u00e9nyek \u00e9s szab\u00e1lyoz\u00e1sok megs\u00e9rt\u00e9s\u00e9vel.<br><br>12. Hozz\u00e1rendel\u00e9s<br><br>El\u0151zetes \u00edr\u00e1sbeli hozz\u00e1j\u00e1rul\u00e1sunk n\u00e9lk\u00fcl nem ruh\u00e1zhatja \u00e1t, ruh\u00e1zhatja \u00e1t vagy alv\u00e1llalkoz\u00e1sba adhatja a jelen Felt\u00e9telek szerinti jogait \u00e9s\/vagy k\u00f6telezetts\u00e9geit r\u00e9szben vagy eg\u00e9szben harmadik f\u00e9lre. A jelen szakaszt s\u00e9rt\u0151 \u00e1ll\u00edt\u00f3lagos megb\u00edz\u00e1s semmis.<br><br>13. Jelen Felt\u00e9telek megs\u00e9rt\u00e9se<br><br>A jelen \u00c1ltal\u00e1nos Szerz\u0151d\u00e9si Felt\u00e9telek szerinti egy\u00e9b jogaink s\u00e9relme n\u00e9lk\u00fcl, ha \u00d6n b\u00e1rmilyen m\u00f3don megs\u00e9rti ezeket a felt\u00e9teleket, megtehetj\u00fck az \u00e1ltalunk megfelel\u0151nek \u00edt\u00e9lt l\u00e9p\u00e9seket a jogs\u00e9rt\u00e9s kezel\u00e9s\u00e9re, ide\u00e9rtve a webhelyhez val\u00f3 hozz\u00e1f\u00e9r\u00e9s ideiglenes vagy v\u00e9gleges felf\u00fcggeszt\u00e9s\u00e9t, a kapcsolatfelv\u00e9telt internetszolg\u00e1ltat\u00f3j\u00e1t, hogy k\u00e9rje, hogy blokkolja az \u00d6n hozz\u00e1f\u00e9r\u00e9s\u00e9t a webhelyhez, \u00e9s\/vagy ind\u00edtson jogi l\u00e9p\u00e9seket \u00d6n ellen.<br><br>14. K\u00e1rtalan\u00edt\u00e1s<br><br>\u00d6n beleegyezik abba, hogy k\u00e1rtalan\u00edt, megv\u00e9d \u00e9s v\u00e9d minket minden olyan k\u00f6vetel\u00e9ssel, k\u00f6telezetts\u00e9ggel, k\u00e1rral, vesztes\u00e9ggel \u00e9s kiad\u00e1ssal szemben, amely a jelen Felt\u00e9telek \u00e9s felt\u00e9telek, valamint a vonatkoz\u00f3 t\u00f6rv\u00e9nyek megs\u00e9rt\u00e9s\u00e9vel kapcsolatos, bele\u00e9rtve a szellemi tulajdonjogokat \u00e9s a szem\u00e9lyis\u00e9gi jogokat. \u00d6n halad\u00e9ktalanul megt\u00e9r\u00edti nek\u00fcnk az ilyen k\u00f6vetel\u00e9sekkel kapcsolatos vagy azokb\u00f3l ered\u0151 k\u00e1rainkat, vesztes\u00e9geinket, k\u00f6lts\u00e9geinket \u00e9s kiad\u00e1sainkat.<br><br>15. Lemond\u00e1s<br><br>A jelen Felt\u00e9telekben \u00e9s b\u00e1rmely Meg\u00e1llapod\u00e1sban meghat\u00e1rozott b\u00e1rmely rendelkez\u00e9s v\u00e9grehajt\u00e1s\u00e1nak elmulaszt\u00e1sa, vagy a felmond\u00e1si jog gyakorl\u00e1s\u00e1nak elmulaszt\u00e1sa nem \u00e9rtelmezhet\u0151 az ilyen rendelkez\u00e9sekr\u0151l val\u00f3 lemond\u00e1sk\u00e9nt, \u00e9s nem befoly\u00e1solja a jelen Felt\u00e9telek vagy b\u00e1rmely m\u00e1s szerz\u0151d\u00e9s \u00e9rv\u00e9nyess\u00e9g\u00e9t. Meg\u00e1llapod\u00e1s vagy annak b\u00e1rmely r\u00e9sze, vagy ezt k\u00f6vet\u0151en az egyes rendelkez\u00e9sek v\u00e9grehajt\u00e1s\u00e1nak joga.<br><br>16. Nyelv<br><br>Jelen \u00c1ltal\u00e1nos Szerz\u0151d\u00e9si Felt\u00e9telek kiz\u00e1r\u00f3lag magyar nyelven ker\u00fclnek \u00e9rtelmez\u00e9sre \u00e9s \u00e9rtelmez\u00e9sre. Minden \u00e9rtes\u00edt\u00e9s \u00e9s levelez\u00e9s kiz\u00e1r\u00f3lag ezen a nyelven k\u00e9sz\u00fcl.<br><br>17. Teljes meg\u00e1llapod\u00e1s<br><br>A jelen \u00c1ltal\u00e1nos Szerz\u0151d\u00e9si Felt\u00e9telek alkotj\u00e1k a teljes meg\u00e1llapod\u00e1st \u00d6n \u00e9s a BILINGUAL DEVELOP k\u00f6z\u00f6tt a weboldal \u00d6n \u00e1ltali haszn\u00e1lat\u00e1val kapcsolatban.<br>18. Jelen Felt\u00e9telek friss\u00edt\u00e9se<br><br>Ezeket a felt\u00e9teleket id\u0151r\u0151l id\u0151re friss\u00edthetj\u00fck. Az \u00d6n k\u00f6teless\u00e9ge, hogy rendszeresen ellen\u0151rizze a jelen Felt\u00e9telek v\u00e1ltoz\u00e1sait vagy friss\u00edt\u00e9seit. A jelen \u00c1ltal\u00e1nos Szerz\u0151d\u00e9si Felt\u00e9telek elej\u00e9n megadott d\u00e1tum a legut\u00f3bbi fel\u00fclvizsg\u00e1lat d\u00e1tuma. A jelen \u00c1ltal\u00e1nos Szerz\u0151d\u00e9si Felt\u00e9telek m\u00f3dos\u00edt\u00e1sai akkor l\u00e9pnek hat\u00e1lyba, amikor az ilyen v\u00e1ltoztat\u00e1sokat k\u00f6zz\u00e9tessz\u00fck ezen a weboldalon. A webhelynek a v\u00e1ltoztat\u00e1sok vagy friss\u00edt\u00e9sek k\u00f6zz\u00e9t\u00e9tel\u00e9t k\u00f6vet\u0151en t\u00f6rt\u00e9n\u0151 tov\u00e1bbi haszn\u00e1lata a jelen \u00c1ltal\u00e1nos Szerz\u0151d\u00e9si Felt\u00e9telek betart\u00e1s\u00e1ra \u00e9s mag\u00e1ra n\u00e9zve k\u00f6telez\u0151 \u00e9rv\u00e9ny\u0171 nyilatkozat\u00e1nak min\u0151s\u00fcl.<br>19. A jog \u00e9s a joghat\u00f3s\u00e1g megv\u00e1laszt\u00e1sa<br><br>Jelen Felt\u00e9telekre a magyar jog az ir\u00e1nyad\u00f3. A jelen \u00c1ltal\u00e1nos Szerz\u0151d\u00e9si Felt\u00e9telekkel kapcsolatos vit\u00e1k a magyar b\u00edr\u00f3s\u00e1gok hat\u00e1sk\u00f6r\u00e9be tartoznak. Ha a b\u00edr\u00f3s\u00e1g vagy m\u00e1s hat\u00f3s\u00e1g a jelen Felt\u00e9telek b\u00e1rmely r\u00e9sz\u00e9t vagy rendelkez\u00e9s\u00e9t \u00e9rv\u00e9nytelennek \u00e9s\/vagy a vonatkoz\u00f3 jogszab\u00e1lyok szerint v\u00e9grehajthatatlannak tal\u00e1lja, az adott r\u00e9szt vagy rendelkez\u00e9st a megengedett legnagyobb m\u00e9rt\u00e9kben m\u00f3dos\u00edtj\u00e1k, t\u00f6r\u00f6lik \u00e9s\/vagy \u00e9rv\u00e9nyes\u00edtik, hogy \u00e9rv\u00e9nyes\u00edteni a jelen Felt\u00e9telek sz\u00e1nd\u00e9k\u00e1t. A t\u00f6bbi rendelkez\u00e9st ez nem \u00e9rinti.<br>20. El\u00e9rhet\u0151s\u00e9gek<br><br>Ennek a weboldalnak a tulajdonosa \u00e9s \u00fczemeltet\u0151je a BILINGUAL DEVELOP.<br><br>A jelen \u00c1ltal\u00e1nos Szerz\u0151d\u00e9si Felt\u00e9telekkel kapcsolatban felveheti vel\u00fcnk a kapcsolatot \u00edr\u00e1sban vagy e-mailben a k\u00f6vetkez\u0151 c\u00edmre: sandor.foldesi1981@gmail.com<br>Belgium, 2290 Wuustwezel, Hoge Heide 38.<br><br><\/pre>\n","protected":false},"excerpt":{"rendered":"<p>1. Bemutatkoz\u00e1sJelen Felt\u00e9telek erre a weboldalra, valamint a term\u00e9keinkkel \u00e9s szolg\u00e1ltat\u00e1sainkkal kapcsolatos tranzakci\u00f3kra vonatkoznak. \u00d6nt tov\u00e1bbi szerz\u0151d\u00e9sek k\u00f6thetik a vel\u00fcnk fenn\u00e1ll\u00f3 kapcsolataival vagy b\u00e1rmely t\u0151l\u00fcnk kapott term\u00e9k\u00e9vel vagy szolg\u00e1ltat\u00e1s\u00e1val kapcsolatban. Ha a kieg\u00e9sz\u00edt\u0151 szerz\u0151d\u00e9sek b\u00e1rmely rendelkez\u00e9se \u00fctk\u00f6zik a jelen Felt\u00e9telek b\u00e1rmely rendelkez\u00e9s\u00e9vel, akkor ezen kieg\u00e9sz\u00edt\u0151 szerz\u0151d\u00e9sek rendelkez\u00e9sei az ir\u00e1nyad\u00f3ak \u00e9s az ir\u00e1nyad\u00f3k.2. Megk\u00f6t\u00e9sA weboldalra val\u00f3 [&hellip;]<\/p>\n","protected":false},"author":1,"featured_media":0,"parent":0,"menu_order":0,"comment_status":"closed","ping_status":"closed","template":"","meta":{"_uag_custom_page_level_css":"","site-sidebar-layout":"default","site-content-layout":"","ast-site-content-layout":"default","site-content-style":"default","site-sidebar-style":"default","ast-global-header-display":"","ast-banner-title-visibility":"","ast-main-header-display":"","ast-hfb-above-header-display":"","ast-hfb-below-header-display":"","ast-hfb-mobile-header-display":"","site-post-title":"","ast-breadcrumbs-content":"","ast-featured-img":"","footer-sml-layout":"","theme-transparent-header-meta":"","adv-header-id-meta":"","stick-header-meta":"","header-above-stick-meta":"","header-main-stick-meta":"","header-below-stick-meta":"","astra-migrate-meta-layouts":"set","ast-page-background-enabled":"default","ast-page-background-meta":{"desktop":{"background-color":"","background-image":"","background-repeat":"repeat","background-position":"center center","background-size":"auto","background-attachment":"scroll","background-type":"","background-media":"","overlay-type":"","overlay-color":"","overlay-opacity":"","overlay-gradient":""},"tablet":{"background-color":"","background-image":"","background-repeat":"repeat","background-position":"center center","background-size":"auto","background-attachment":"scroll","background-type":"","background-media":"","overlay-type":"","overlay-color":"","overlay-opacity":"","overlay-gradient":""},"mobile":{"background-color":"","background-image":"","background-repeat":"repeat","background-position":"center center","background-size":"auto","background-attachment":"scroll","background-type":"","background-media":"","overlay-type":"","overlay-color":"","overlay-opacity":"","overlay-gradient":""}},"ast-content-background-meta":{"desktop":{"background-color":"var(--ast-global-color-5)","background-image":"","background-repeat":"repeat","background-position":"center center","background-size":"auto","background-attachment":"scroll","background-type":"","background-media":"","overlay-type":"","overlay-color":"","overlay-opacity":"","overlay-gradient":""},"tablet":{"background-color":"var(--ast-global-color-5)","background-image":"","background-repeat":"repeat","background-position":"center center","background-size":"auto","background-attachment":"scroll","background-type":"","background-media":"","overlay-type":"","overlay-color":"","overlay-opacity":"","overlay-gradient":""},"mobile":{"background-color":"var(--ast-global-color-5)","background-image":"","background-repeat":"repeat","background-position":"center center","background-size":"auto","background-attachment":"scroll","background-type":"","background-media":"","overlay-type":"","overlay-color":"","overlay-opacity":"","overlay-gradient":""}},"footnotes":""},"class_list":["post-1524","page","type-page","status-publish","hentry"],"uagb_featured_image_src":{"full":false,"thumbnail":false,"medium":false,"medium_large":false,"large":false,"1536x1536":false,"2048x2048":false,"woocommerce_thumbnail":false,"woocommerce_single":false,"woocommerce_gallery_thumbnail":false},"uagb_author_info":{"display_name":"masterpeet","author_link":"https:\/\/smartmodularhouse.hu\/en\/author\/masterpeet\/"},"uagb_comment_info":0,"uagb_excerpt":"1. Bemutatkoz\u00e1sJelen Felt\u00e9telek erre a weboldalra, valamint a term\u00e9keinkkel \u00e9s szolg\u00e1ltat\u00e1sainkkal kapcsolatos tranzakci\u00f3kra vonatkoznak. \u00d6nt tov\u00e1bbi szerz\u0151d\u00e9sek k\u00f6thetik a vel\u00fcnk fenn\u00e1ll\u00f3 kapcsolataival vagy b\u00e1rmely t\u0151l\u00fcnk kapott term\u00e9k\u00e9vel vagy szolg\u00e1ltat\u00e1s\u00e1val kapcsolatban. Ha a kieg\u00e9sz\u00edt\u0151 szerz\u0151d\u00e9sek b\u00e1rmely rendelkez\u00e9se \u00fctk\u00f6zik a jelen Felt\u00e9telek b\u00e1rmely rendelkez\u00e9s\u00e9vel, akkor ezen kieg\u00e9sz\u00edt\u0151 szerz\u0151d\u00e9sek rendelkez\u00e9sei az ir\u00e1nyad\u00f3ak \u00e9s az ir\u00e1nyad\u00f3k.2. Megk\u00f6t\u00e9sA weboldalra val\u00f3&hellip;","_links":{"self":[{"href":"https:\/\/smartmodularhouse.hu\/en\/wp-json\/wp\/v2\/pages\/1524","targetHints":{"allow":["GET"]}}],"collection":[{"href":"https:\/\/smartmodularhouse.hu\/en\/wp-json\/wp\/v2\/pages"}],"about":[{"href":"https:\/\/smartmodularhouse.hu\/en\/wp-json\/wp\/v2\/types\/page"}],"author":[{"embeddable":true,"href":"https:\/\/smartmodularhouse.hu\/en\/wp-json\/wp\/v2\/users\/1"}],"replies":[{"embeddable":true,"href":"https:\/\/smartmodularhouse.hu\/en\/wp-json\/wp\/v2\/comments?post=1524"}],"version-history":[{"count":1,"href":"https:\/\/smartmodularhouse.hu\/en\/wp-json\/wp\/v2\/pages\/1524\/revisions"}],"predecessor-version":[{"id":1525,"href":"https:\/\/smartmodularhouse.hu\/en\/wp-json\/wp\/v2\/pages\/1524\/revisions\/1525"}],"wp:attachment":[{"href":"https:\/\/smartmodularhouse.hu\/en\/wp-json\/wp\/v2\/media?parent=1524"}],"curies":[{"name":"wp","href":"https:\/\/api.w.org\/{rel}","templated":true}]}}